{"id":14357,"date":"2025-07-10T19:50:15","date_gmt":"2025-07-10T19:50:15","guid":{"rendered":"https:\/\/almu.com.mx\/?page_id=14357"},"modified":"2025-07-23T22:04:09","modified_gmt":"2025-07-23T22:04:09","slug":"preguntas-frecuentes","status":"publish","type":"page","link":"https:\/\/almu.com.mx\/en\/preguntas-frecuentes\/","title":{"rendered":"FAQ's"},"content":{"rendered":"<section class=\"wpb-content-wrapper\"><div class=\"vc_row wpb_row vc_row-fluid vc_custom_1532439407886 vc_column-gap-40 vc-container\"><div data-animation-delay=\"0\" data-parallax-speed=\"1.5\" class=\"wpb_column vc_column_container vc_col-sm-12 vc_col-lg-8 vc_col-md-8 vc_col-xs-12\"><div class=\"vc_column-inner\" ><div class=\"wpb_wrapper\"><h3 id=\"et-animated-title-1\" class=\"et-animated-title et-clearfix  words-direct\" data-mobile-font=\"24px\" data-tablet-font=\"32px\" data-delay=\"\" style=\"font-size:48px;font-weight:700;line-height:56px;color:#212121;\"><span class=\"text-wrapper\"><span class=\"text\">FAQ's<\/span><\/span><\/h3><div class=\"gap et-clearfix\" style=\"height:2px\"><\/div><h3 id=\"et-animated-title-2\" class=\"et-animated-title et-clearfix  words-direct\" data-mobile-font=\"inherit\" data-tablet-font=\"inherit\" data-delay=\"200\" style=\"font-size:24px;font-weight:700;line-height:32px;color:#e3333a;\"><span class=\"text-wrapper\"><span class=\"text\">Estamos para ayudarte<\/span><\/span><\/h3><div class=\"gap et-clearfix\" style=\"height:32px\"><\/div><div class=\"et-accordion-wrapper\"><div id=\"et-accordion-1\" class=\"et-accordion et-clearfix collapsible-true\"><div class=\"active  toggle-title et-clearfix\"><h5 class=\"toggle-title-tag\">How do I request a quote?<\/h5><span class=\"toggle-ind fa fa-plus\"><\/span><\/div> <div id=\"como-solicito-una-cotizacion-1\" class=\"toggle-content et-clearfix\">\n\t<div class=\"wpb_text_column wpb_content_element\" >\n\t\t<div class=\"wpb_wrapper\">\n\t\t\t<p>Cont\u00e1ctanos v\u00eda mail, whatsapp o tel\u00e9fono, indic\u00e1ndo el material que requieres transportar, cantidad, UN y\/o HDS, lugar de origen y destino. V\u00eda mail recibir\u00e1s la(s) tarifa(s) solicitada(s).<\/p>\n\n\t\t<\/div>\n\t<\/div>\n<\/div><div class=\"active  toggle-title et-clearfix\"><h5 class=\"toggle-title-tag\">What is the procedure before requesting a service?<\/h5><span class=\"toggle-ind fa fa-plus\"><\/span><\/div> <div id=\"cual-es-el-procedimiento-previo-a-solicitar-un-servicio-2\" class=\"toggle-content et-clearfix\">\n\t<div class=\"wpb_text_column wpb_content_element\" >\n\t\t<div class=\"wpb_wrapper\">\n\t\t\t<p>You'll be asked for information to register as a customer in our system, generate your file, and connect you with the Traffic Manager who will manage your account.<\/p>\n\n\t\t<\/div>\n\t<\/div>\n<\/div><div class=\"active  toggle-title et-clearfix\"><h5 class=\"toggle-title-tag\">How do I schedule a service?<\/h5><span class=\"toggle-ind fa fa-plus\"><\/span><\/div> <div id=\"como-programo-un-servicio-3\" class=\"toggle-content et-clearfix\">\n\t<div class=\"wpb_text_column wpb_content_element\" >\n\t\t<div class=\"wpb_wrapper\">\n\t\t\t<p>Contact your Traffic Executive by email, requesting the service and specifying the material, quantity, origin, destination, and loading date, which are the essential details.<\/p>\n<p>Let us know from the start of your request if you require a thermal pipe, pump, and\/or hoses, loading terminal, if a third-party service is required, in whose name the CP will be issued, evidence required upon completion of the service, handling of confidential documents, etc. These are key points for the service to be scheduled correctly. All contact will be directly with the Traffic Executive.<\/p>\n<p>It is recommended that you provide this information at least 24 hours before you request your service to be charged to check unit availability.<\/p>\n<p>For origins in Guadalajara, Puebla, Monterrey and Tlaxcala, preferably consider at least 48 hours.<\/p>\n<p>Rent a tanker, trailer, or crossing to the US, Canada, and Central America. Contact us by email.<\/p>\n\n\t\t<\/div>\n\t<\/div>\n<\/div><div class=\"active  toggle-title et-clearfix\"><h5 class=\"toggle-title-tag\">Which cargo terminals can ALMU serve?<\/h5><span class=\"toggle-ind fa fa-plus\"><\/span><\/div> <div id=\"en-cuales-terminales-de-carga-puede-dar-servicio-almu-4\" class=\"toggle-content et-clearfix\">\n\t<div class=\"wpb_text_column wpb_content_element\" >\n\t\t<div class=\"wpb_wrapper\">\n\t\t\t<p>Units with the Celanese system; we load at the country's main terminals, including PEMEX, Celanese, FR Terminales, Vopak, OTM, Tepeal, Exxon, Smart Pass, Andinoterminales, Dos Bocas, and others.<\/p>\n\n\t\t<\/div>\n\t<\/div>\n<\/div><div class=\"active  toggle-title et-clearfix\"><h5 class=\"toggle-title-tag\">What materials do they transport?<\/h5><span class=\"toggle-ind fa fa-plus\"><\/span><\/div> <div id=\"cuales-materiales-transportan-5\" class=\"toggle-content et-clearfix\">\n\t<div class=\"wpb_text_column wpb_content_element\" >\n\t\t<div class=\"wpb_wrapper\">\n\t\t\t<p>Some hazardous materials are class 3 (flammable), others class 6 (toxic), and class 8 (corrosive). You can review our updated list <a href=\"https:\/\/almu.com.mx\/en\/ventajas-competitivas\/\">by clicking here<\/a> or contact us for further specifications.<\/p>\n\n\t\t<\/div>\n\t<\/div>\n<\/div><div class=\"active  toggle-title et-clearfix\"><h5 class=\"toggle-title-tag\">What is the specification of ALMU units?<\/h5><span class=\"toggle-ind fa fa-plus\"><\/span><\/div> <div id=\"cual-es-la-especificacion-de-las-unidades-de-almu-6\" class=\"toggle-content et-clearfix\">\n\t<div class=\"wpb_text_column wpb_content_element\" >\n\t\t<div class=\"wpb_wrapper\">\n\t\t\t<p>We have T-304-2B CAL-10 stainless steel tanks, advanced safety systems, with 2 and 3-axis breakwaters, a capacity of 43 tons (loading approximately 35 tons) and a 20-ton bicompartmental capacity (10 and 10 tons, loading approximately 18 tons), and a 43-ton thermal pipe (loading approximately 35 tons; this depends on the density of the material being transported). Discharge is through the bottom, and the valve is 4 inches with a 3-inch reduction adapter.<\/p>\n<p>Our tractor-trailers have an average age of less than 3 years and do not exceed 8 years.<\/p>\n\n\t\t<\/div>\n\t<\/div>\n<\/div><div class=\"active  toggle-title et-clearfix\"><h5 class=\"toggle-title-tag\">What certifications does ALMU hold?<\/h5><span class=\"toggle-ind fa fa-plus\"><\/span><\/div> <div id=\"cuales-son-las-certificaciones-con-las-que-cuenta-almu-7\" class=\"toggle-content et-clearfix\">\n\t<div class=\"wpb_text_column wpb_content_element\" >\n\t\t<div class=\"wpb_wrapper\">\n\t\t\t<p>ISO 9001:2015 and SARI (Comprehensive Accountability Management System) by ANIQ, ensuring international quality and safety standards.<\/p>\n\n\t\t<\/div>\n\t<\/div>\n<\/div><div class=\"active  toggle-title et-clearfix\"><h5 class=\"toggle-title-tag\">Do you offer equipment rental?<\/h5><span class=\"toggle-ind fa fa-plus\"><\/span><\/div> <div id=\"cuentan-con-renta-de-equipo-8\" class=\"toggle-content et-clearfix\">\n\t<div class=\"wpb_text_column wpb_content_element\" >\n\t\t<div class=\"wpb_wrapper\">\n\t\t\t<p>Yes, we rent pipes (tractor + tank + operator) for spot, dedicated and circuit trips.<\/p>\n<p>For projects, we rent tankers by the week or month with fixed and variable payment schemes, including truck and operator only rentals, and storage tank only rentals.<\/p>\n<p>We offer personalized follow-up and advice.<\/p>\n<p>We are your comprehensive solution.<\/p>\n\n\t\t<\/div>\n\t<\/div>\n<\/div><div class=\"active  toggle-title et-clearfix\"><h5 class=\"toggle-title-tag\">In the case of a special project, tender, or consultancy, can I contact ALMU?<\/h5><span class=\"toggle-ind fa fa-plus\"><\/span><\/div> <div id=\"en-caso-de-proyecto-especial-licitacion-asesoria-puedo-contactar-a-almu-9\" class=\"toggle-content et-clearfix\">\n\t<div class=\"wpb_text_column wpb_content_element\" >\n\t\t<div class=\"wpb_wrapper\">\n\t\t\t<p>Of course, we'll follow up and support you in bringing your projects to fruition. We're your logistics partner.<\/p>\n\n\t\t<\/div>\n\t<\/div>\n<\/div><div class=\"active  toggle-title et-clearfix\"><h5 class=\"toggle-title-tag\">Why hire ALMU?<\/h5><span class=\"toggle-ind fa fa-plus\"><\/span><\/div> <div id=\"por-que-contratar-a-almu-10\" class=\"toggle-content et-clearfix\">\n\t<div class=\"wpb_text_column wpb_content_element\" >\n\t\t<div class=\"wpb_wrapper\">\n\t\t\t<p>We work in accordance with regulations and NOMs, complying with:<\/p>\n<p>NOM-012-SCT: on transiting with hazardous materials on the highest classification roads \"ET\" and \"A\"<\/p>\n<p>NOM-087: on permitted daily driving times, as well as traffic regulations on federal highways.<\/p>\n<p>NOM-019-SCT: on cleaning certificate.<\/p>\n<p>NOM-043-SCT on each trip we comply with the shipping documents for hazardous materials, HDS, unpaid invoice for the material to be transported, customs clearance (as applicable)<\/p>\n<p>We comply with the Carta Porte supplement and all its requirements published in the Official Gazette of the Federation on December 15, 2015.<\/p>\n<p>We have Civil Liability and Environmental Liability insurance.<\/p>\n<p>Your cargo, our responsibility!<\/p>\n\n\t\t<\/div>\n\t<\/div>\n<\/div><div class=\"active  toggle-title et-clearfix\"><h5 class=\"toggle-title-tag\">Who are our clients?<\/h5><span class=\"toggle-ind fa fa-plus\"><\/span><\/div> <div id=\"quienes-son-nuestros-clientes-11\" class=\"toggle-content et-clearfix\">\n\t<div class=\"wpb_text_column wpb_content_element\" >\n\t\t<div class=\"wpb_wrapper\">\n\t\t\t<p>Material importing companies, distributors, intermediaries, self-consumption companies, and cargo terminals in the country, the U.S., and Central America.<\/p>\n\n\t\t<\/div>\n\t<\/div>\n<\/div><div class=\"active  toggle-title et-clearfix\"><h5 class=\"toggle-title-tag\">I need contact with an area other than Sales or HR.<\/h5><span class=\"toggle-ind fa fa-plus\"><\/span><\/div> <div id=\"requiero-contacto-con-un-area-diferente-a-comercial-o-rh-12\" class=\"toggle-content et-clearfix\">\n\t<div class=\"wpb_text_column wpb_content_element\" >\n\t\t<div class=\"wpb_wrapper\">\n\t\t\t<p>Contact us via email, WhatsApp, or phone, indicating the topic so we can direct you.<\/p>\n\n\t\t<\/div>\n\t<\/div>\n<\/div><\/div><\/div><\/div><\/div><\/div><div data-animation-delay=\"0\" data-parallax-speed=\"1.5\" class=\"et-element-column-with-border-left wpb_column vc_column_container vc_col-sm-12 vc_col-lg-4 vc_col-md-4 vc_col-xs-12\"><div class=\"vc_column-inner\" ><div class=\"wpb_wrapper\"><div class=\"et-announcement-wrapper\"><style>#et-announcement-1 {background-image:url(https:\/\/almu.com.mx\/wp-content\/uploads\/banner3.jpg);background-color:#f5f5f5;}#et-announcement-1 .announcement-title > *  {color:#212121;}<\/style><div id=\"et-announcement-1\" class=\"et-announcement\"><div class=\"announcement-title et-clearfix\"><div class=\"et-el-icon medium\"><span class=\"el-icon fa fa-shipping-fast animate-false\"><\/span><\/div><h3 class=\"title\">Services<\/h3><\/div><div class=\"announcement-content et-clearfix\"><h6 style=\"font-size: 18px;color: #212121;line-height: 32px;text-align: left\" class=\"vc_custom_heading\"  data-mobile-font=\"inherit\" data-tablet-font=\"inherit\" >Get to know our specialized and dedicated cargo<\/h6><a target=\"_self\" href=\"https:\/\/almu.com.mx\/en\/servicios\/\" id=\"et-button-1\" style=\"color:#ffffff;font-weight:700 !important;\" class=\"et-button   icon-position-left modal-false medium hover-fill false click-none\" data-color=\"#ffffff\" data-colorhover=\"#ffffff\"><span style=\"background-color:#212121 !important;\" class=\"hover\"><\/span><span style=\"background-color:#e3333a;\" class=\"regular\"><\/span><span class=\"text\">Services<\/span><\/a><\/div><\/div><\/div><div class=\"gap et-clearfix\" style=\"height:40px\"><\/div><div class=\"et-announcement-wrapper\"><style>#et-announcement-2 {background-image:url(https:\/\/almu.com.mx\/wp-content\/uploads\/fondo-mundo-2.jpg);background-color:#e3333a;}#et-announcement-2 .announcement-title > *  {color:#ffffff;}<\/style><div id=\"et-announcement-2\" class=\"et-announcement\"><div class=\"announcement-title et-clearfix\"><div class=\"et-el-icon medium\"><span class=\"el-icon fa fa-map-marker-alt animate-false\"><\/span><\/div><h3 class=\"title\">Technology<\/h3><\/div><div class=\"announcement-content et-clearfix\"><h6 style=\"font-size: 18px;color: #ffffff;line-height: 32px;text-align: left\" class=\"vc_custom_heading\"  data-mobile-font=\"inherit\" data-tablet-font=\"inherit\" >To travel across the country and beyond.<\/h6><a target=\"_self\" href=\"https:\/\/almu.com.mx\/en\/tecnologia\/\" id=\"et-button-2\" style=\"color:#212121;font-weight:700 !important;\" class=\"et-button   icon-position-left modal-false medium hover-fill false click-none\" data-color=\"#212121\" data-colorhover=\"#ffffff\"><span style=\"background-color:#212121 !important;\" class=\"hover\"><\/span><span style=\"background-color:#ffffff;\" class=\"regular\"><\/span><span class=\"text\">Technology<\/span><\/a><\/div><\/div><\/div><\/div><\/div><\/div><\/div><section class=\"vc_section\"><div class=\"vc_row wpb_row vc_row-fluid vc_column-gap-24 vc-container\"><div data-animation-delay=\"0\" data-parallax-speed=\"1.5\" class=\"wpb_column vc_column_container vc_col-sm-12\"><div class=\"vc_column-inner\" ><div class=\"wpb_wrapper\"><div class=\"sep-wrap left   et-clearfix\" data-delay=\"0\"><div class=\"et-separator solid\" style=\"height:1px;width:100%;border-bottom-width:1px;border-bottom-style:solid;border-bottom-color:#e0e0e0;\"><\/div><\/div><\/div><\/div><\/div><\/div><div id=\"faq\" class=\"vc_row wpb_row vc_row-fluid vc_custom_1532439337471 vc_column-gap-40 vc-container\"><div data-animation-delay=\"0\" data-parallax-speed=\"1.5\" class=\"wpb_column vc_column_container vc_col-sm-12 vc_col-lg-6 vc_col-md-8 vc_col-xs-12\"><div class=\"vc_column-inner\" ><div class=\"wpb_wrapper\"><h6 class=\"et-highlight-title\" style=\"font-size:12px;font-weight:700;line-height:24px;letter-spacing:0.5px;color:#9a9a9a;\" data-mobile-font=\"inherit\" data-tablet-font=\"inherit\"><span class=\"title-inner\">DO YOU HAVE MORE QUESTIONS?<span class=\"highlight-line\" style=\"background-color:#e3333a;\"><\/span><\/span><\/h6><h3 id=\"et-animated-title-3\" class=\"et-animated-title et-clearfix  words-direct\" data-mobile-font=\"32px\" data-tablet-font=\"inherit\" data-delay=\"100\" style=\"font-size:48px;font-weight:700;line-height:56px;color:#212121;\"><span class=\"text-wrapper\"><span class=\"text\">Contact us!<\/span><\/span><\/h3><div class=\"gap et-clearfix\" style=\"height:48px\"><\/div><\/div><\/div><\/div><div data-animation-delay=\"0\" data-parallax-speed=\"1.5\" class=\"text767-align-center wpb_column vc_column_container vc_col-sm-12 vc_col-lg-6 vc_hidden-lg vc_col-md-4 vc_hidden-md vc_hidden-sm vc_col-xs-12 vc_hidden-xs\"><div class=\"vc_column-inner\" ><div class=\"wpb_wrapper\"><\/div><\/div><\/div><\/div><div class=\"vc_row wpb_row vc_row-fluid vc_custom_1532439342512 vc_column-gap-40 vc-container\"><div data-animation-delay=\"0\" data-parallax-speed=\"1.5\" class=\"wpb_column vc_column_container vc_col-sm-12 vc_col-lg-6 vc_col-md-6 vc_col-xs-12\"><div class=\"vc_column-inner\" ><div class=\"wpb_wrapper\"><div id=\"et-person-1\" class=\"et-person-alt\"><div class=\"image\"><div class=\"image-container\"><img loading=\"lazy\" decoding=\"async\" width=\"1200\" height=\"800\" alt=\"logistica integral\" src=\"https:\/\/almu.com.mx\/wp-content\/uploads\/almu4.jpg\"><\/div><\/div><div class=\"under-image-content\"><h5 class=\"person-title\">Almu Logistics<\/h5><p class=\"person-content\">Phone: (461) 609 0880<br \/>\nWhatsapp:<br \/>\n(461) 546 9775<br \/>\nE-mail: contacto@almu.com.mx<\/p><a href=\"mailto:contacto@almu.com.mx\" class=\"et-button stylish-button medium\">Send message<\/a><\/div><\/div><\/div><\/div><\/div><div data-animation-delay=\"0\" data-parallax-speed=\"1.5\" class=\"text767-align-center wpb_column vc_column_container vc_col-sm-12 vc_col-lg-6 vc_col-md-6 vc_col-xs-12\"><div class=\"vc_column-inner\" ><div class=\"wpb_wrapper\"><div id=\"et-person-2\" class=\"et-person-alt\"><div class=\"image\"><div class=\"image-container\"><img loading=\"lazy\" decoding=\"async\" width=\"1200\" height=\"800\" alt=\"\" src=\"https:\/\/almu.com.mx\/wp-content\/uploads\/reclutamiento.jpg\"><\/div><\/div><div class=\"under-image-content\"><h5 class=\"person-title\">Job Opportunities<\/h5><p class=\"person-content\">E-mail: reclutamiento@almu.com.mx<\/p><a href=\"mailto:reclutamiento@almu.com.mx\" class=\"et-button stylish-button medium\">Send message<\/a><\/div><\/div><\/div><\/div><\/div><\/div><\/section>\n<\/section>","protected":false},"excerpt":{"rendered":"<p>Leverage agile frameworks to provide a robust synopsis for high level overviews. Iterative approaches to corporate strategy foster collaborative thinking to further the overall value proposition. Organically grow the holistic world view of disruptive innovation via workplace diversity and empowerment.<\/p>","protected":false},"author":1,"featured_media":0,"parent":0,"menu_order":0,"comment_status":"closed","ping_status":"closed","template":"page-vc.php","meta":{"footnotes":""},"class_list":["post-14357","page","type-page","status-publish","hentry"],"_links":{"self":[{"href":"https:\/\/almu.com.mx\/en\/wp-json\/wp\/v2\/pages\/14357"}],"collection":[{"href":"https:\/\/almu.com.mx\/en\/wp-json\/wp\/v2\/pages"}],"about":[{"href":"https:\/\/almu.com.mx\/en\/wp-json\/wp\/v2\/types\/page"}],"author":[{"embeddable":true,"href":"https:\/\/almu.com.mx\/en\/wp-json\/wp\/v2\/users\/1"}],"replies":[{"embeddable":true,"href":"https:\/\/almu.com.mx\/en\/wp-json\/wp\/v2\/comments?post=14357"}],"version-history":[{"count":0,"href":"https:\/\/almu.com.mx\/en\/wp-json\/wp\/v2\/pages\/14357\/revisions"}],"wp:attachment":[{"href":"https:\/\/almu.com.mx\/en\/wp-json\/wp\/v2\/media?parent=14357"}],"curies":[{"name":"wp","href":"https:\/\/api.w.org\/{rel}","templated":true}]}}